{"id":5688,"date":"2017-08-01T15:56:11","date_gmt":"2017-08-01T13:56:11","guid":{"rendered":"http:\/\/www.pebospa.com\/request-informations\/"},"modified":"2021-11-05T10:29:51","modified_gmt":"2021-11-05T09:29:51","slug":"anfrage-informationen","status":"publish","type":"page","link":"https:\/\/www.pebospa.com\/de\/anfrage-informationen\/","title":{"rendered":"Anfrage Informationen"},"content":{"rendered":"<div class=\"fusion-fullwidth fullwidth-box fusion-builder-row-1 fusion-flex-container nonhundred-percent-fullwidth non-hundred-percent-height-scrolling\" style=\"--awb-border-radius-top-left:0px;--awb-border-radius-top-right:0px;--awb-border-radius-bottom-right:0px;--awb-border-radius-bottom-left:0px;--awb-padding-top:20px;--awb-padding-bottom:20px;--awb-flex-wrap:wrap;\" ><div class=\"fusion-builder-row fusion-row fusion-flex-align-items-flex-start fusion-flex-content-wrap\" style=\"max-width:calc( 1440px + 0px );margin-left: calc(-0px \/ 2 );margin-right: calc(-0px \/ 2 );\"><div class=\"fusion-layout-column fusion_builder_column fusion-builder-column-0 fusion_builder_column_1_1 1_1 fusion-flex-column\" style=\"--awb-bg-size:cover;--awb-width-large:100%;--awb-margin-top-large:0px;--awb-spacing-right-large:0px;--awb-margin-bottom-large:20px;--awb-spacing-left-large:0px;--awb-width-medium:100%;--awb-spacing-right-medium:0px;--awb-spacing-left-medium:0px;--awb-width-small:100%;--awb-spacing-right-small:0px;--awb-spacing-left-small:0px;\"><div class=\"fusion-column-wrapper fusion-flex-justify-content-flex-start fusion-content-layout-column\"><div class=\"fusion-text fusion-text-1\"><script type=\"text\/javascript\">\n\/* <![CDATA[ *\/\nvar gform;gform||(document.addEventListener(\"gform_main_scripts_loaded\",function(){gform.scriptsLoaded=!0}),document.addEventListener(\"gform\/theme\/scripts_loaded\",function(){gform.themeScriptsLoaded=!0}),window.addEventListener(\"DOMContentLoaded\",function(){gform.domLoaded=!0}),gform={domLoaded:!1,scriptsLoaded:!1,themeScriptsLoaded:!1,isFormEditor:()=>\"function\"==typeof InitializeEditor,callIfLoaded:function(o){return!(!gform.domLoaded||!gform.scriptsLoaded||!gform.themeScriptsLoaded&&!gform.isFormEditor()||(gform.isFormEditor()&&console.warn(\"The use of gform.initializeOnLoaded() is deprecated in the form editor context and will be removed in Gravity Forms 3.1.\"),o(),0))},initializeOnLoaded:function(o){gform.callIfLoaded(o)||(document.addEventListener(\"gform_main_scripts_loaded\",()=>{gform.scriptsLoaded=!0,gform.callIfLoaded(o)}),document.addEventListener(\"gform\/theme\/scripts_loaded\",()=>{gform.themeScriptsLoaded=!0,gform.callIfLoaded(o)}),window.addEventListener(\"DOMContentLoaded\",()=>{gform.domLoaded=!0,gform.callIfLoaded(o)}))},hooks:{action:{},filter:{}},addAction:function(o,r,e,t){gform.addHook(\"action\",o,r,e,t)},addFilter:function(o,r,e,t){gform.addHook(\"filter\",o,r,e,t)},doAction:function(o){gform.doHook(\"action\",o,arguments)},applyFilters:function(o){return gform.doHook(\"filter\",o,arguments)},removeAction:function(o,r){gform.removeHook(\"action\",o,r)},removeFilter:function(o,r,e){gform.removeHook(\"filter\",o,r,e)},addHook:function(o,r,e,t,n){null==gform.hooks[o][r]&&(gform.hooks[o][r]=[]);var d=gform.hooks[o][r];null==n&&(n=r+\"_\"+d.length),gform.hooks[o][r].push({tag:n,callable:e,priority:t=null==t?10:t})},doHook:function(r,o,e){var t;if(e=Array.prototype.slice.call(e,1),null!=gform.hooks[r][o]&&((o=gform.hooks[r][o]).sort(function(o,r){return o.priority-r.priority}),o.forEach(function(o){\"function\"!=typeof(t=o.callable)&&(t=window[t]),\"action\"==r?t.apply(null,e):e[0]=t.apply(null,e)})),\"filter\"==r)return e[0]},removeHook:function(o,r,t,n){var e;null!=gform.hooks[o][r]&&(e=(e=gform.hooks[o][r]).filter(function(o,r,e){return!!(null!=n&&n!=o.tag||null!=t&&t!=o.priority)}),gform.hooks[o][r]=e)}});\n\/* ]]> *\/\n<\/script>\n\n                <div class='gf_browser_gecko gform_wrapper gform_legacy_markup_wrapper gform-theme--no-framework' data-form-theme='legacy' data-form-index='0' id='gform_wrapper_17' ><div id='gf_17' class='gform_anchor' tabindex='-1'><\/div><form method='post' enctype='multipart\/form-data' target='gform_ajax_frame_17' id='gform_17'  action='\/de\/wp-json\/wp\/v2\/pages\/5688#gf_17' data-formid='17' novalidate>\n                        <div class='gform-body gform_body'><ul id='gform_fields_17' class='gform_fields top_label form_sublabel_below description_below validation_below'><li id=\"field_17_14\" class=\"gfield gfield--type-honeypot gform_validation_container field_sublabel_below gfield--has-description field_description_below field_validation_below gfield_visibility_visible\"  ><label class='gfield_label gform-field-label' for='input_17_14'>LinkedIn<\/label><div class='ginput_container'><input name='input_14' id='input_17_14' type='text' value='' autocomplete='new-password'\/><\/div><div class='gfield_description' id='gfield_description_17_14'>Dieses Feld dient zur Validierung und sollte nicht ver\u00e4ndert werden.<\/div><\/li><li id=\"field_17_1\" class=\"gfield gfield--type-text gf_inline gfield_contains_required field_sublabel_below gfield--no-description field_description_below field_validation_below gfield_visibility_visible\"  ><label class='gfield_label gform-field-label' for='input_17_1'>Vorname<span class=\"gfield_required\"><span class=\"gfield_required gfield_required_asterisk\">*<\/span><\/span><\/label><div class='ginput_container ginput_container_text'><input name='input_1' id='input_17_1' type='text' value='' class='small'     aria-required=\"true\" aria-invalid=\"false\"   \/><\/div><\/li><li id=\"field_17_2\" class=\"gfield gfield--type-text gf_inline gfield_contains_required field_sublabel_below gfield--no-description field_description_below field_validation_below gfield_visibility_visible\"  ><label class='gfield_label gform-field-label' for='input_17_2'>Nachname<span class=\"gfield_required\"><span class=\"gfield_required gfield_required_asterisk\">*<\/span><\/span><\/label><div class='ginput_container ginput_container_text'><input name='input_2' id='input_17_2' type='text' value='' class='small'     aria-required=\"true\" aria-invalid=\"false\"   \/><\/div><\/li><li id=\"field_17_3\" class=\"gfield gfield--type-text gf_inline field_sublabel_below gfield--no-description field_description_below field_validation_below gfield_visibility_visible\"  ><label class='gfield_label gform-field-label' for='input_17_3'>Agentur<\/label><div class='ginput_container ginput_container_text'><input name='input_3' id='input_17_3' type='text' value='' class='small'      aria-invalid=\"false\"   \/><\/div><\/li><li id=\"field_17_4\" class=\"gfield gfield--type-text gf_inline field_sublabel_below gfield--no-description field_description_below field_validation_below gfield_visibility_visible\"  ><label class='gfield_label gform-field-label' for='input_17_4'>Rolle in der firma gespielt<\/label><div class='ginput_container ginput_container_text'><input name='input_4' id='input_17_4' type='text' value='' class='small'      aria-invalid=\"false\"   \/><\/div><\/li><li id=\"field_17_5\" class=\"gfield gfield--type-section gsection field_sublabel_below gfield--no-description field_description_below field_validation_below gfield_visibility_visible\"  ><h2 class=\"gsection_title\"><\/h2><\/li><li id=\"field_17_6\" class=\"gfield gfield--type-phone gf_inline gfield_contains_required field_sublabel_below gfield--no-description field_description_below field_validation_below gfield_visibility_visible\"  ><label class='gfield_label gform-field-label' for='input_17_6'>Telefon<span class=\"gfield_required\"><span class=\"gfield_required gfield_required_asterisk\">*<\/span><\/span><\/label><div class='ginput_container ginput_container_phone'><input name='input_6' id='input_17_6' type='tel' value='' class='small'   aria-required=\"true\" aria-invalid=\"false\"   \/><\/div><\/li><li id=\"field_17_7\" class=\"gfield gfield--type-email gf_inline gfield_contains_required field_sublabel_below gfield--no-description field_description_below field_validation_below gfield_visibility_visible\"  ><label class='gfield_label gform-field-label' for='input_17_7'>Email<span class=\"gfield_required\"><span class=\"gfield_required gfield_required_asterisk\">*<\/span><\/span><\/label><div class='ginput_container ginput_container_email'>\n                            <input name='input_7' id='input_17_7' type='email' value='' class='small'    aria-required=\"true\" aria-invalid=\"false\"  \/>\n                        <\/div><\/li><li id=\"field_17_8\" class=\"gfield gfield--type-section gsection field_sublabel_below gfield--no-description field_description_below field_validation_below gfield_visibility_visible\"  ><h2 class=\"gsection_title\"><\/h2><\/li><li id=\"field_17_9\" class=\"gfield gfield--type-textarea gfield_contains_required field_sublabel_below gfield--no-description field_description_below field_validation_below gfield_visibility_visible\"  ><label class='gfield_label gform-field-label' for='input_17_9'>Anfrage<span class=\"gfield_required\"><span class=\"gfield_required gfield_required_asterisk\">*<\/span><\/span><\/label><div class='ginput_container ginput_container_textarea'><textarea name='input_9' id='input_17_9' class='textarea medium'     aria-required=\"true\" aria-invalid=\"false\"   rows='10' cols='50'><\/textarea><\/div><\/li><li id=\"field_17_10\" class=\"gfield gfield--type-html gfield_html gfield_html_formatted gfield_no_follows_desc field_sublabel_below gfield--no-description field_description_below field_validation_below gfield_visibility_visible\"  ><a href=\"https:\/\/www.pebospa.com\/wp-content\/uploads\/2025\/03\/2025-informativa-form-Pebo-TEDESCO.pdf\"> <U> <B> Privacy Policy <\/U> <\/B> <\/a><\/li><li id=\"field_17_11\" class=\"gfield gfield--type-checkbox gfield--type-choice gfield_contains_required field_sublabel_below gfield--no-description field_description_below field_validation_below gfield_visibility_visible\"  ><label class='gfield_label gform-field-label gfield_label_before_complex' >Pflichtfeld<span class=\"gfield_required\"><span class=\"gfield_required gfield_required_asterisk\">*<\/span><\/span><\/label><div class='ginput_container ginput_container_checkbox'><ul class='gfield_checkbox' id='input_17_11'><li class='gchoice gchoice_17_11_1'>\n\t\t\t\t\t\t\t\t<input class='gfield-choice-input' name='input_11.1' type='checkbox'  value='Ich erkl\u00e4re, dass ich die Datenschutzbestimmungen dieser Website gelesen habe.'  id='choice_17_11_1'   \/>\n\t\t\t\t\t\t\t\t<label for='choice_17_11_1' id='label_17_11_1' class='gform-field-label gform-field-label--type-inline'>Ich erkl\u00e4re, dass ich die Datenschutzbestimmungen dieser Website gelesen habe.<\/label>\n\t\t\t\t\t\t\t<\/li><\/ul><\/div><\/li><li id=\"field_17_12\" class=\"gfield gfield--type-checkbox gfield--type-choice field_sublabel_below gfield--no-description field_description_below field_validation_below gfield_visibility_visible\"  ><label class='gfield_label gform-field-label screen-reader-text gfield_label_before_complex' ><\/label><div class='ginput_container ginput_container_checkbox'><ul class='gfield_checkbox' id='input_17_12'><li class='gchoice gchoice_17_12_1'>\n\t\t\t\t\t\t\t\t<input class='gfield-choice-input' name='input_12.1' type='checkbox'  value='Ich erkl\u00e4re mich mit der Verwendung meiner pers\u00f6nlichen Daten einverstanden, um per E-Mail, Post, Sofortnachrichten, Chat oder Telefon \u00fcber Neuigkeiten und kommerzielle Angebote der Dienstleistungen und Produkte von PEBO S.p.a. oder von Dritten informiert zu werden, sowie f\u00fcr andere Marketinginitiativen, die im Informationsschreiben unter Buchstabe C angegeben sind'  id='choice_17_12_1'   \/>\n\t\t\t\t\t\t\t\t<label for='choice_17_12_1' id='label_17_12_1' class='gform-field-label gform-field-label--type-inline'>Ich erkl\u00e4re mich mit der Verwendung meiner pers\u00f6nlichen Daten einverstanden, um per E-Mail, Post, Sofortnachrichten, Chat oder Telefon \u00fcber Neuigkeiten und kommerzielle Angebote der Dienstleistungen und Produkte von PEBO S.p.a. oder von Dritten informiert zu werden, sowie f\u00fcr andere Marketinginitiativen, die im Informationsschreiben unter Buchstabe C angegeben sind<\/label>\n\t\t\t\t\t\t\t<\/li><li class='gchoice gchoice_17_12_2'>\n\t\t\t\t\t\t\t\t<input class='gfield-choice-input' name='input_12.2' type='checkbox'  value='Ich erkl\u00e4re mich damit einverstanden, dass meine pers\u00f6nlichen Daten an die anderen Unternehmen der &quot;System Group&quot; und an Partner weitergegeben werden, um sie f\u00fcr kommerzielle und Marketingzwecke zu verarbeiten'  id='choice_17_12_2'   \/>\n\t\t\t\t\t\t\t\t<label for='choice_17_12_2' id='label_17_12_2' class='gform-field-label gform-field-label--type-inline'>Ich erkl\u00e4re mich damit einverstanden, dass meine pers\u00f6nlichen Daten an die anderen Unternehmen der \"System Group\" und an Partner weitergegeben werden, um sie f\u00fcr kommerzielle und Marketingzwecke zu verarbeiten<\/label>\n\t\t\t\t\t\t\t<\/li><\/ul><\/div><\/li><li id=\"field_17_13\" class=\"gfield gfield--type-captcha gfield--width-full field_sublabel_below gfield--no-description field_description_below field_validation_below gfield_visibility_visible\"  ><label class='gfield_label gform-field-label' for='input_17_13'>CAPTCHA<\/label><div id='input_17_13' class='ginput_container ginput_recaptcha' data-sitekey='6LcILgQTAAAAAKibXFIL02cZaxjI2mzHL59iKNny'  data-theme='light' data-tabindex='0'  data-badge=''><\/div><\/li><\/ul><\/div>\n        <div class='gform-footer gform_footer top_label'> <input type='submit' id='gform_submit_button_17' class='gform_button button' onclick='gform.submission.handleButtonClick(this);' data-submission-type='submit' value='Senden'  \/> <input type='hidden' name='gform_ajax' value='form_id=17&amp;title=&amp;description=&amp;tabindex=0&amp;theme=legacy&amp;styles=[]&amp;hash=ce59bf7fc71422653896de2a5b428c9f' \/>\n            <input type='hidden' class='gform_hidden' name='gform_submission_method' data-js='gform_submission_method_17' value='iframe' \/>\n            <input type='hidden' class='gform_hidden' name='gform_theme' data-js='gform_theme_17' id='gform_theme_17' value='legacy' \/>\n            <input type='hidden' class='gform_hidden' name='gform_style_settings' data-js='gform_style_settings_17' id='gform_style_settings_17' value='[]' \/>\n            <input type='hidden' class='gform_hidden' name='is_submit_17' value='1' \/>\n            <input type='hidden' class='gform_hidden' name='gform_submit' value='17' \/>\n            \n            <input type='hidden' class='gform_hidden' name='gform_currency' data-currency='EUR' value='VlCWo0jmK9kbal6c1ocaBU1AB7qzfJFT3jYvzbxTRVwkV3wb7F\/waltxAkfssgnFM0UbRuGTMomOLaNjQwTIjaiHTwaWd8923WUC0x9X\/fVfb\/4=' \/>\n            <input type='hidden' class='gform_hidden' name='gform_unique_id' value='' \/>\n            <input type='hidden' class='gform_hidden' name='state_17' value='WyJbXSIsIjc3YThjOTBlYzFjODY3ZjRhNzEyMmNmMmVkNjg5OTExIl0=' \/>\n            <input type='hidden' autocomplete='off' class='gform_hidden' name='gform_target_page_number_17' id='gform_target_page_number_17' value='0' \/>\n            <input type='hidden' autocomplete='off' class='gform_hidden' name='gform_source_page_number_17' id='gform_source_page_number_17' value='1' \/>\n            <input type='hidden' name='gform_field_values' value='' \/>\n            \n        <\/div>\n                        <\/form>\n                        <\/div>\n\t\t                <iframe style='display:none;width:0px;height:0px;' src='about:blank' name='gform_ajax_frame_17' id='gform_ajax_frame_17' title='Dieser iframe enth\u00e4lt die erforderliche Logik um Gravity Forms Formulare mit AJAX zu handhaben.'><\/iframe>\n\t\t                <script type=\"text\/javascript\">\n\/* <![CDATA[ *\/\n gform.initializeOnLoaded( function() {gformInitSpinner( 17, 'https:\/\/www.pebospa.com\/wp-content\/plugins\/gravityforms\/images\/spinner.svg', true );jQuery('#gform_ajax_frame_17').on('load',function(){var contents = jQuery(this).contents().find('*').html();var is_postback = contents.indexOf('GF_AJAX_POSTBACK') >= 0;if(!is_postback){return;}var form_content = jQuery(this).contents().find('#gform_wrapper_17');var is_confirmation = jQuery(this).contents().find('#gform_confirmation_wrapper_17').length > 0;var is_redirect = contents.indexOf('gformRedirect(){') >= 0;var is_form = form_content.length > 0 && ! is_redirect && ! is_confirmation;var mt = parseInt(jQuery('html').css('margin-top'), 10) + parseInt(jQuery('body').css('margin-top'), 10) + 100;if(is_form){jQuery('#gform_wrapper_17').html(form_content.html());if(form_content.hasClass('gform_validation_error')){jQuery('#gform_wrapper_17').addClass('gform_validation_error');} else {jQuery('#gform_wrapper_17').removeClass('gform_validation_error');}setTimeout( function() { \/* delay the scroll by 50 milliseconds to fix a bug in chrome *\/ jQuery(document).scrollTop(jQuery('#gform_wrapper_17').offset().top - mt); }, 50 );if(window['gformInitDatepicker']) {gformInitDatepicker();}if(window['gformInitPriceFields']) {gformInitPriceFields();}var current_page = jQuery('#gform_source_page_number_17').val();gformInitSpinner( 17, 'https:\/\/www.pebospa.com\/wp-content\/plugins\/gravityforms\/images\/spinner.svg', true );jQuery(document).trigger('gform_page_loaded', [17, current_page]);window['gf_submitting_17'] = false;}else if(!is_redirect){var confirmation_content = jQuery(this).contents().find('.GF_AJAX_POSTBACK').html();if(!confirmation_content){confirmation_content = contents;}jQuery('#gform_wrapper_17').replaceWith(confirmation_content);jQuery(document).scrollTop(jQuery('#gf_17').offset().top - mt);jQuery(document).trigger('gform_confirmation_loaded', [17]);window['gf_submitting_17'] = false;wp.a11y.speak(jQuery('#gform_confirmation_message_17').text());}else{jQuery('#gform_17').append(contents);if(window['gformRedirect']) {gformRedirect();}}jQuery(document).trigger(\"gform_pre_post_render\", [{ formId: \"17\", currentPage: \"current_page\", abort: function() { this.preventDefault(); } }]);        if (event && event.defaultPrevented) {                return;        }        const gformWrapperDiv = document.getElementById( \"gform_wrapper_17\" );        if ( gformWrapperDiv ) {            const visibilitySpan = document.createElement( \"span\" );            visibilitySpan.id = \"gform_visibility_test_17\";            gformWrapperDiv.insertAdjacentElement( \"afterend\", visibilitySpan );        }        const visibilityTestDiv = document.getElementById( \"gform_visibility_test_17\" );        let postRenderFired = false;        function triggerPostRender() {            if ( postRenderFired ) {                return;            }            postRenderFired = true;            gform.core.triggerPostRenderEvents( 17, current_page );            if ( visibilityTestDiv ) {                visibilityTestDiv.parentNode.removeChild( visibilityTestDiv );            }        }        function debounce( func, wait, immediate ) {            var timeout;            return function() {                var context = this, args = arguments;                var later = function() {                    timeout = null;                    if ( !immediate ) func.apply( context, args );                };                var callNow = immediate && !timeout;                clearTimeout( timeout );                timeout = setTimeout( later, wait );                if ( callNow ) func.apply( context, args );            };        }        const debouncedTriggerPostRender = debounce( function() {            triggerPostRender();        }, 200 );        if ( visibilityTestDiv && visibilityTestDiv.offsetParent === null ) {            const observer = new MutationObserver( ( mutations ) => {                mutations.forEach( ( mutation ) => {                    if ( mutation.type === 'attributes' && visibilityTestDiv.offsetParent !== null ) {                        debouncedTriggerPostRender();                        observer.disconnect();                    }                });            });            observer.observe( document.body, {                attributes: true,                childList: false,                subtree: true,                attributeFilter: [ 'style', 'class' ],            });        } else {            triggerPostRender();        }    } );} ); \n\/* ]]> *\/\n<\/script>\n\n<\/div><\/div><\/div><\/div><\/div>\n","protected":false},"excerpt":{"rendered":"","protected":false},"author":3,"featured_media":0,"parent":0,"menu_order":0,"comment_status":"closed","ping_status":"closed","template":"","meta":{"_acf_changed":false,"footnotes":""},"class_list":["post-5688","page","type-page","status-publish","hentry"],"acf":[],"yoast_head":"<!-- This site is optimized with the Yoast SEO plugin v27.1.1 - https:\/\/yoast.com\/product\/yoast-seo-wordpress\/ -->\n<title>Anfrage Informationen - Pebo Materie Plastiche<\/title>\n<meta name=\"robots\" content=\"index, follow, max-snippet:-1, max-image-preview:large, max-video-preview:-1\" \/>\n<link rel=\"canonical\" href=\"https:\/\/www.pebospa.com\/de\/anfrage-informationen\/\" \/>\n<meta property=\"og:locale\" content=\"de_DE\" \/>\n<meta property=\"og:type\" content=\"article\" \/>\n<meta property=\"og:title\" content=\"Anfrage Informationen - Pebo Materie Plastiche\" \/>\n<meta property=\"og:url\" content=\"https:\/\/www.pebospa.com\/de\/anfrage-informationen\/\" \/>\n<meta property=\"og:site_name\" content=\"Pebo Materie Plastiche\" \/>\n<meta property=\"article:modified_time\" content=\"2021-11-05T09:29:51+00:00\" \/>\n<meta property=\"og:image\" content=\"https:\/\/www.pebospa.com\/wp-content\/uploads\/2024\/09\/yoastimage.jpg\" \/>\n\t<meta property=\"og:image:width\" content=\"1\" \/>\n\t<meta property=\"og:image:height\" content=\"1\" \/>\n\t<meta property=\"og:image:type\" content=\"image\/jpeg\" \/>\n<meta name=\"twitter:card\" content=\"summary_large_image\" \/>\n<meta name=\"twitter:label1\" content=\"Gesch\u00e4tzte Lesezeit\" \/>\n\t<meta name=\"twitter:data1\" content=\"1\u00a0Minute\" \/>\n<script type=\"application\/ld+json\" class=\"yoast-schema-graph\">{\"@context\":\"https:\/\/schema.org\",\"@graph\":[{\"@type\":\"WebPage\",\"@id\":\"https:\/\/www.pebospa.com\/de\/anfrage-informationen\/\",\"url\":\"https:\/\/www.pebospa.com\/de\/anfrage-informationen\/\",\"name\":\"Anfrage Informationen - Pebo Materie Plastiche\",\"isPartOf\":{\"@id\":\"https:\/\/www.pebospa.com\/de\/#website\"},\"datePublished\":\"2017-08-01T13:56:11+00:00\",\"dateModified\":\"2021-11-05T09:29:51+00:00\",\"breadcrumb\":{\"@id\":\"https:\/\/www.pebospa.com\/de\/anfrage-informationen\/#breadcrumb\"},\"inLanguage\":\"de\",\"potentialAction\":[{\"@type\":\"ReadAction\",\"target\":[\"https:\/\/www.pebospa.com\/de\/anfrage-informationen\/\"]}]},{\"@type\":\"BreadcrumbList\",\"@id\":\"https:\/\/www.pebospa.com\/de\/anfrage-informationen\/#breadcrumb\",\"itemListElement\":[{\"@type\":\"ListItem\",\"position\":1,\"name\":\"Home\",\"item\":\"https:\/\/www.pebospa.com\/de\/\"},{\"@type\":\"ListItem\",\"position\":2,\"name\":\"Anfrage Informationen\"}]},{\"@type\":\"WebSite\",\"@id\":\"https:\/\/www.pebospa.com\/de\/#website\",\"url\":\"https:\/\/www.pebospa.com\/de\/\",\"name\":\"Pebo Materie Plastiche\",\"description\":\"Lavorazione e produzione di compound in polietilene alta e bassa densit\u00e0 per estrusione e soffiaggio.\",\"potentialAction\":[{\"@type\":\"SearchAction\",\"target\":{\"@type\":\"EntryPoint\",\"urlTemplate\":\"https:\/\/www.pebospa.com\/de\/?s={search_term_string}\"},\"query-input\":{\"@type\":\"PropertyValueSpecification\",\"valueRequired\":true,\"valueName\":\"search_term_string\"}}],\"inLanguage\":\"de\"}]}<\/script>\n<!-- \/ Yoast SEO plugin. -->","yoast_head_json":{"title":"Anfrage Informationen - Pebo Materie Plastiche","robots":{"index":"index","follow":"follow","max-snippet":"max-snippet:-1","max-image-preview":"max-image-preview:large","max-video-preview":"max-video-preview:-1"},"canonical":"https:\/\/www.pebospa.com\/de\/anfrage-informationen\/","og_locale":"de_DE","og_type":"article","og_title":"Anfrage Informationen - Pebo Materie Plastiche","og_url":"https:\/\/www.pebospa.com\/de\/anfrage-informationen\/","og_site_name":"Pebo Materie Plastiche","article_modified_time":"2021-11-05T09:29:51+00:00","og_image":[{"url":"https:\/\/www.pebospa.com\/wp-content\/uploads\/2024\/09\/yoastimage.jpg","width":1,"height":1,"type":"image\/jpeg"}],"twitter_card":"summary_large_image","twitter_misc":{"Gesch\u00e4tzte Lesezeit":"1\u00a0Minute"},"schema":{"@context":"https:\/\/schema.org","@graph":[{"@type":"WebPage","@id":"https:\/\/www.pebospa.com\/de\/anfrage-informationen\/","url":"https:\/\/www.pebospa.com\/de\/anfrage-informationen\/","name":"Anfrage Informationen - Pebo Materie Plastiche","isPartOf":{"@id":"https:\/\/www.pebospa.com\/de\/#website"},"datePublished":"2017-08-01T13:56:11+00:00","dateModified":"2021-11-05T09:29:51+00:00","breadcrumb":{"@id":"https:\/\/www.pebospa.com\/de\/anfrage-informationen\/#breadcrumb"},"inLanguage":"de","potentialAction":[{"@type":"ReadAction","target":["https:\/\/www.pebospa.com\/de\/anfrage-informationen\/"]}]},{"@type":"BreadcrumbList","@id":"https:\/\/www.pebospa.com\/de\/anfrage-informationen\/#breadcrumb","itemListElement":[{"@type":"ListItem","position":1,"name":"Home","item":"https:\/\/www.pebospa.com\/de\/"},{"@type":"ListItem","position":2,"name":"Anfrage Informationen"}]},{"@type":"WebSite","@id":"https:\/\/www.pebospa.com\/de\/#website","url":"https:\/\/www.pebospa.com\/de\/","name":"Pebo Materie Plastiche","description":"Lavorazione e produzione di compound in polietilene alta e bassa densit\u00e0 per estrusione e soffiaggio.","potentialAction":[{"@type":"SearchAction","target":{"@type":"EntryPoint","urlTemplate":"https:\/\/www.pebospa.com\/de\/?s={search_term_string}"},"query-input":{"@type":"PropertyValueSpecification","valueRequired":true,"valueName":"search_term_string"}}],"inLanguage":"de"}]}},"_links":{"self":[{"href":"https:\/\/www.pebospa.com\/de\/wp-json\/wp\/v2\/pages\/5688","targetHints":{"allow":["GET"]}}],"collection":[{"href":"https:\/\/www.pebospa.com\/de\/wp-json\/wp\/v2\/pages"}],"about":[{"href":"https:\/\/www.pebospa.com\/de\/wp-json\/wp\/v2\/types\/page"}],"author":[{"embeddable":true,"href":"https:\/\/www.pebospa.com\/de\/wp-json\/wp\/v2\/users\/3"}],"replies":[{"embeddable":true,"href":"https:\/\/www.pebospa.com\/de\/wp-json\/wp\/v2\/comments?post=5688"}],"version-history":[{"count":4,"href":"https:\/\/www.pebospa.com\/de\/wp-json\/wp\/v2\/pages\/5688\/revisions"}],"predecessor-version":[{"id":8228,"href":"https:\/\/www.pebospa.com\/de\/wp-json\/wp\/v2\/pages\/5688\/revisions\/8228"}],"wp:attachment":[{"href":"https:\/\/www.pebospa.com\/de\/wp-json\/wp\/v2\/media?parent=5688"}],"curies":[{"name":"wp","href":"https:\/\/api.w.org\/{rel}","templated":true}]}}