{"id":10096,"date":"2024-02-26T10:40:16","date_gmt":"2024-02-26T09:40:16","guid":{"rendered":"https:\/\/www.pebospa.com\/?page_id=10096"},"modified":"2025-01-30T11:40:58","modified_gmt":"2025-01-30T10:40:58","slug":"reporte-de-sostenibilidad","status":"publish","type":"page","link":"https:\/\/www.pebospa.com\/es\/reporte-de-sostenibilidad\/","title":{"rendered":"Reporte de Sostenibilidad"},"content":{"rendered":"<p><div class=\"fusion-fullwidth fullwidth-box fusion-builder-row-1 fusion-flex-container has-pattern-background has-mask-background nonhundred-percent-fullwidth non-hundred-percent-height-scrolling\" style=\"--awb-border-radius-top-left:0px;--awb-border-radius-top-right:0px;--awb-border-radius-bottom-right:0px;--awb-border-radius-bottom-left:0px;--awb-flex-wrap:wrap;\" ><div class=\"fusion-builder-row fusion-row fusion-flex-align-items-flex-start fusion-flex-content-wrap\" style=\"max-width:1497.6px;margin-left: calc(-4% \/ 2 );margin-right: calc(-4% \/ 2 );\"><div class=\"fusion-layout-column fusion_builder_column fusion-builder-column-0 fusion_builder_column_1_1 1_1 fusion-flex-column\" style=\"--awb-bg-size:cover;--awb-width-large:100%;--awb-margin-top-large:0px;--awb-spacing-right-large:1.92%;--awb-margin-bottom-large:20px;--awb-spacing-left-large:1.92%;--awb-width-medium:100%;--awb-order-medium:0;--awb-spacing-right-medium:1.92%;--awb-spacing-left-medium:1.92%;--awb-width-small:100%;--awb-order-small:0;--awb-spacing-right-small:1.92%;--awb-spacing-left-small:1.92%;\"><div class=\"fusion-column-wrapper fusion-column-has-shadow fusion-flex-justify-content-flex-start fusion-content-layout-column\"><div class=\"fusion-text fusion-text-1\"><h2 class=\"fusion-responsive-typography-calculated\" style=\"text-align: center; --fontsize: 26; line-height: 1.5; --minfontsize: 26;\" data-fontsize=\"26\" data-lineheight=\"39px\"><b>Descarga los reportes de sostenibilidad<\/b><\/h2>\n<\/div><\/div><\/div><\/div><\/div><div class=\"fusion-fullwidth fullwidth-box fusion-builder-row-2 fusion-flex-container has-pattern-background has-mask-background nonhundred-percent-fullwidth non-hundred-percent-height-scrolling\" style=\"--awb-border-radius-top-left:0px;--awb-border-radius-top-right:0px;--awb-border-radius-bottom-right:0px;--awb-border-radius-bottom-left:0px;--awb-flex-wrap:wrap;\" ><div class=\"fusion-builder-row fusion-row fusion-flex-align-items-flex-start fusion-flex-content-wrap\" style=\"max-width:1497.6px;margin-left: calc(-4% \/ 2 );margin-right: calc(-4% \/ 2 );\"><div class=\"fusion-layout-column fusion_builder_column fusion-builder-column-1 fusion_builder_column_1_4 1_4 fusion-flex-column\" style=\"--awb-bg-size:cover;--awb-width-large:25%;--awb-margin-top-large:0px;--awb-spacing-right-large:7.68%;--awb-margin-bottom-large:20px;--awb-spacing-left-large:7.68%;--awb-width-medium:25%;--awb-order-medium:0;--awb-spacing-right-medium:7.68%;--awb-spacing-left-medium:7.68%;--awb-width-small:100%;--awb-order-small:0;--awb-spacing-right-small:1.92%;--awb-spacing-left-small:1.92%;\"><div class=\"fusion-column-wrapper fusion-column-has-shadow fusion-flex-justify-content-flex-start fusion-content-layout-column\"><div class=\"fusion-image-element \" style=\"--awb-caption-title-font-family:var(--h2_typography-font-family);--awb-caption-title-font-weight:var(--h2_typography-font-weight);--awb-caption-title-font-style:var(--h2_typography-font-style);--awb-caption-title-size:var(--h2_typography-font-size);--awb-caption-title-transform:var(--h2_typography-text-transform);--awb-caption-title-line-height:var(--h2_typography-line-height);--awb-caption-title-letter-spacing:var(--h2_typography-letter-spacing);\"><span class=\" fusion-imageframe imageframe-none imageframe-1 hover-type-none\"><a class=\"fusion-no-lightbox\" href=\"https:\/\/www.pebospa.com\/wp-content\/uploads\/2025\/01\/BilancioSystemGroup_ING-WEB.pdf\" target=\"_blank\" aria-label=\"sustainability-2023\" rel=\"noopener noreferrer\"><img decoding=\"async\" width=\"400\" height=\"566\" src=\"https:\/\/www.pebospa.com\/wp-content\/uploads\/2025\/01\/sustainability-2023.jpg\" data-orig-src=\"https:\/\/www.pebospa.com\/wp-content\/uploads\/2025\/01\/sustainability-2023.jpg\" alt class=\"lazyload img-responsive wp-image-10376\" srcset=\"data:image\/svg+xml,%3Csvg%20xmlns%3D%27http%3A%2F%2Fwww.w3.org%2F2000%2Fsvg%27%20width%3D%27400%27%20height%3D%27566%27%20viewBox%3D%270%200%20400%20566%27%3E%3Crect%20width%3D%27400%27%20height%3D%27566%27%20fill-opacity%3D%220%22%2F%3E%3C%2Fsvg%3E\" data-srcset=\"https:\/\/www.pebospa.com\/wp-content\/uploads\/2025\/01\/sustainability-2023-200x283.jpg 200w, https:\/\/www.pebospa.com\/wp-content\/uploads\/2025\/01\/sustainability-2023.jpg 400w\" data-sizes=\"auto\" data-orig-sizes=\"(max-width: 640px) 100vw, 400px\" \/><\/a><\/span><\/div><\/div><\/div><div class=\"fusion-layout-column fusion_builder_column fusion-builder-column-2 fusion_builder_column_1_4 1_4 fusion-flex-column\" style=\"--awb-bg-size:cover;--awb-width-large:25%;--awb-margin-top-large:0px;--awb-spacing-right-large:7.68%;--awb-margin-bottom-large:20px;--awb-spacing-left-large:7.68%;--awb-width-medium:25%;--awb-order-medium:0;--awb-spacing-right-medium:7.68%;--awb-spacing-left-medium:7.68%;--awb-width-small:100%;--awb-order-small:0;--awb-spacing-right-small:1.92%;--awb-spacing-left-small:1.92%;\"><div class=\"fusion-column-wrapper fusion-column-has-shadow fusion-flex-justify-content-flex-start fusion-content-layout-column\"><div class=\"fusion-image-element \" style=\"--awb-caption-title-font-family:var(--h2_typography-font-family);--awb-caption-title-font-weight:var(--h2_typography-font-weight);--awb-caption-title-font-style:var(--h2_typography-font-style);--awb-caption-title-size:var(--h2_typography-font-size);--awb-caption-title-transform:var(--h2_typography-text-transform);--awb-caption-title-line-height:var(--h2_typography-line-height);--awb-caption-title-letter-spacing:var(--h2_typography-letter-spacing);\"><span class=\" fusion-imageframe imageframe-none imageframe-2 hover-type-none\"><a class=\"fusion-no-lightbox\" href=\"https:\/\/www.pebospa.com\/wp-content\/uploads\/2024\/03\/CT_040324_vDef_Webbilancio_ENG_3_2024.pdf\" target=\"_blank\" aria-label=\"Webbilancio_ENG_3_2024-1\" rel=\"noopener noreferrer\"><img decoding=\"async\" width=\"595\" height=\"842\" src=\"https:\/\/www.pebospa.com\/wp-content\/uploads\/2024\/04\/Webbilancio_ENG_3_2024-1.jpg\" data-orig-src=\"https:\/\/www.pebospa.com\/wp-content\/uploads\/2024\/04\/Webbilancio_ENG_3_2024-1.jpg\" alt class=\"lazyload img-responsive wp-image-10246\" srcset=\"data:image\/svg+xml,%3Csvg%20xmlns%3D%27http%3A%2F%2Fwww.w3.org%2F2000%2Fsvg%27%20width%3D%27595%27%20height%3D%27842%27%20viewBox%3D%270%200%20595%20842%27%3E%3Crect%20width%3D%27595%27%20height%3D%27842%27%20fill-opacity%3D%220%22%2F%3E%3C%2Fsvg%3E\" data-srcset=\"https:\/\/www.pebospa.com\/wp-content\/uploads\/2024\/04\/Webbilancio_ENG_3_2024-1-200x283.jpg 200w, https:\/\/www.pebospa.com\/wp-content\/uploads\/2024\/04\/Webbilancio_ENG_3_2024-1-400x566.jpg 400w, https:\/\/www.pebospa.com\/wp-content\/uploads\/2024\/04\/Webbilancio_ENG_3_2024-1.jpg 595w\" data-sizes=\"auto\" data-orig-sizes=\"(max-width: 640px) 100vw, 400px\" \/><\/a><\/span><\/div><\/div><\/div><div class=\"fusion-layout-column fusion_builder_column fusion-builder-column-3 fusion_builder_column_1_4 1_4 fusion-flex-column\" style=\"--awb-bg-size:cover;--awb-width-large:25%;--awb-margin-top-large:0px;--awb-spacing-right-large:7.68%;--awb-margin-bottom-large:20px;--awb-spacing-left-large:7.68%;--awb-width-medium:25%;--awb-order-medium:0;--awb-spacing-right-medium:7.68%;--awb-spacing-left-medium:7.68%;--awb-width-small:100%;--awb-order-small:0;--awb-spacing-right-small:1.92%;--awb-spacing-left-small:1.92%;\"><div class=\"fusion-column-wrapper fusion-column-has-shadow fusion-flex-justify-content-flex-start fusion-content-layout-column\"><div class=\"fusion-image-element \" style=\"--awb-caption-title-font-family:var(--h2_typography-font-family);--awb-caption-title-font-weight:var(--h2_typography-font-weight);--awb-caption-title-font-style:var(--h2_typography-font-style);--awb-caption-title-size:var(--h2_typography-font-size);--awb-caption-title-transform:var(--h2_typography-text-transform);--awb-caption-title-line-height:var(--h2_typography-line-height);--awb-caption-title-letter-spacing:var(--h2_typography-letter-spacing);\"><span class=\" fusion-imageframe imageframe-none imageframe-3 hover-type-none\"><a class=\"fusion-no-lightbox\" href=\"https:\/\/www.pebospa.com\/wp-content\/uploads\/2024\/02\/BILANCIO-DI-SOSTENIBILITA-2021.pdf\" target=\"_blank\" aria-label=\"BILANCIO-DI-SOSTENIBILITA&#8217;-2021-1\" rel=\"noopener noreferrer\"><img decoding=\"async\" width=\"595\" height=\"842\" src=\"https:\/\/www.pebospa.com\/wp-content\/uploads\/2024\/02\/BILANCIO-DI-SOSTENIBILITA-2021-1.jpg\" data-orig-src=\"https:\/\/www.pebospa.com\/wp-content\/uploads\/2024\/02\/BILANCIO-DI-SOSTENIBILITA-2021-1.jpg\" alt class=\"lazyload img-responsive wp-image-10036\" srcset=\"data:image\/svg+xml,%3Csvg%20xmlns%3D%27http%3A%2F%2Fwww.w3.org%2F2000%2Fsvg%27%20width%3D%27595%27%20height%3D%27842%27%20viewBox%3D%270%200%20595%20842%27%3E%3Crect%20width%3D%27595%27%20height%3D%27842%27%20fill-opacity%3D%220%22%2F%3E%3C%2Fsvg%3E\" data-srcset=\"https:\/\/www.pebospa.com\/wp-content\/uploads\/2024\/02\/BILANCIO-DI-SOSTENIBILITA-2021-1-200x283.jpg 200w, https:\/\/www.pebospa.com\/wp-content\/uploads\/2024\/02\/BILANCIO-DI-SOSTENIBILITA-2021-1-400x566.jpg 400w, https:\/\/www.pebospa.com\/wp-content\/uploads\/2024\/02\/BILANCIO-DI-SOSTENIBILITA-2021-1.jpg 595w\" data-sizes=\"auto\" data-orig-sizes=\"(max-width: 640px) 100vw, 400px\" \/><\/a><\/span><\/div><\/div><\/div><div class=\"fusion-layout-column fusion_builder_column fusion-builder-column-4 fusion_builder_column_1_4 1_4 fusion-flex-column\" style=\"--awb-bg-size:cover;--awb-width-large:25%;--awb-margin-top-large:0px;--awb-spacing-right-large:7.68%;--awb-margin-bottom-large:20px;--awb-spacing-left-large:7.68%;--awb-width-medium:25%;--awb-order-medium:0;--awb-spacing-right-medium:7.68%;--awb-spacing-left-medium:7.68%;--awb-width-small:100%;--awb-order-small:0;--awb-spacing-right-small:1.92%;--awb-spacing-left-small:1.92%;\"><div class=\"fusion-column-wrapper fusion-column-has-shadow fusion-flex-justify-content-flex-start fusion-content-layout-column\"><\/div><\/div><\/div><\/div><\/p>\n","protected":false},"excerpt":{"rendered":"","protected":false},"author":4,"featured_media":0,"parent":0,"menu_order":0,"comment_status":"closed","ping_status":"closed","template":"100-width.php","meta":{"_acf_changed":false,"footnotes":""},"class_list":["post-10096","page","type-page","status-publish","hentry"],"acf":[],"yoast_head":"<!-- This site is optimized with the Yoast SEO plugin v27.1.1 - https:\/\/yoast.com\/product\/yoast-seo-wordpress\/ -->\n<title>Reporte de Sostenibilidad - PEBO Materiales Pl\u00e1sticos<\/title>\n<meta name=\"description\" content=\"El reporte de Sostenibilidad de PEBO S.p.A. refleja nuestro compromiso ESG: desde el uso de pl\u00e1stico reciclado hasta la reducci\u00f3n del impacto ambiental, pasando por la responsabilidad social y una gobernanza transparente. Descubre estrategias, resultados y objetivos futuros.\" \/>\n<meta name=\"robots\" content=\"index, follow, max-snippet:-1, max-image-preview:large, max-video-preview:-1\" \/>\n<link rel=\"canonical\" href=\"https:\/\/www.pebospa.com\/es\/reporte-de-sostenibilidad\/\" \/>\n<meta property=\"og:locale\" content=\"es_ES\" \/>\n<meta property=\"og:type\" content=\"article\" \/>\n<meta property=\"og:title\" content=\"Reporte de Sostenibilidad - PEBO Materiales Pl\u00e1sticos\" \/>\n<meta property=\"og:description\" content=\"El reporte de Sostenibilidad de PEBO S.p.A. refleja nuestro compromiso ESG: desde el uso de pl\u00e1stico reciclado hasta la reducci\u00f3n del impacto ambiental, pasando por la responsabilidad social y una gobernanza transparente. Descubre estrategias, resultados y objetivos futuros.\" \/>\n<meta property=\"og:url\" content=\"https:\/\/www.pebospa.com\/es\/reporte-de-sostenibilidad\/\" \/>\n<meta property=\"og:site_name\" content=\"Pebo Materie Plastiche\" \/>\n<meta property=\"article:modified_time\" content=\"2025-01-30T10:40:58+00:00\" \/>\n<meta property=\"og:image\" content=\"https:\/\/www.pebospa.com\/wp-content\/uploads\/2024\/09\/yoastimage.jpg\" \/>\n\t<meta property=\"og:image:width\" content=\"1\" \/>\n\t<meta property=\"og:image:height\" content=\"1\" \/>\n\t<meta property=\"og:image:type\" content=\"image\/jpeg\" \/>\n<meta name=\"twitter:card\" content=\"summary_large_image\" \/>\n<meta name=\"twitter:label1\" content=\"Tiempo de lectura\" \/>\n\t<meta name=\"twitter:data1\" content=\"1 minuto\" \/>\n<script type=\"application\/ld+json\" class=\"yoast-schema-graph\">{\"@context\":\"https:\/\/schema.org\",\"@graph\":[{\"@type\":\"WebPage\",\"@id\":\"https:\/\/www.pebospa.com\/es\/reporte-de-sostenibilidad\/\",\"url\":\"https:\/\/www.pebospa.com\/es\/reporte-de-sostenibilidad\/\",\"name\":\"Reporte de Sostenibilidad - PEBO Materiales Pl\u00e1sticos\",\"isPartOf\":{\"@id\":\"https:\/\/www.pebospa.com\/es\/#website\"},\"datePublished\":\"2024-02-26T09:40:16+00:00\",\"dateModified\":\"2025-01-30T10:40:58+00:00\",\"description\":\"El reporte de Sostenibilidad de PEBO S.p.A. refleja nuestro compromiso ESG: desde el uso de pl\u00e1stico reciclado hasta la reducci\u00f3n del impacto ambiental, pasando por la responsabilidad social y una gobernanza transparente. Descubre estrategias, resultados y objetivos futuros.\",\"breadcrumb\":{\"@id\":\"https:\/\/www.pebospa.com\/es\/reporte-de-sostenibilidad\/#breadcrumb\"},\"inLanguage\":\"es\",\"potentialAction\":[{\"@type\":\"ReadAction\",\"target\":[\"https:\/\/www.pebospa.com\/es\/reporte-de-sostenibilidad\/\"]}]},{\"@type\":\"BreadcrumbList\",\"@id\":\"https:\/\/www.pebospa.com\/es\/reporte-de-sostenibilidad\/#breadcrumb\",\"itemListElement\":[{\"@type\":\"ListItem\",\"position\":1,\"name\":\"Home\",\"item\":\"https:\/\/www.pebospa.com\/es\/\"},{\"@type\":\"ListItem\",\"position\":2,\"name\":\"Reporte de Sostenibilidad\"}]},{\"@type\":\"WebSite\",\"@id\":\"https:\/\/www.pebospa.com\/es\/#website\",\"url\":\"https:\/\/www.pebospa.com\/es\/\",\"name\":\"Pebo Materie Plastiche\",\"description\":\"Lavorazione e produzione di compound in polietilene alta e bassa densit\u00e0 per estrusione e soffiaggio.\",\"potentialAction\":[{\"@type\":\"SearchAction\",\"target\":{\"@type\":\"EntryPoint\",\"urlTemplate\":\"https:\/\/www.pebospa.com\/es\/?s={search_term_string}\"},\"query-input\":{\"@type\":\"PropertyValueSpecification\",\"valueRequired\":true,\"valueName\":\"search_term_string\"}}],\"inLanguage\":\"es\"}]}<\/script>\n<!-- \/ Yoast SEO plugin. -->","yoast_head_json":{"title":"Reporte de Sostenibilidad - PEBO Materiales Pl\u00e1sticos","description":"El reporte de Sostenibilidad de PEBO S.p.A. refleja nuestro compromiso ESG: desde el uso de pl\u00e1stico reciclado hasta la reducci\u00f3n del impacto ambiental, pasando por la responsabilidad social y una gobernanza transparente. Descubre estrategias, resultados y objetivos futuros.","robots":{"index":"index","follow":"follow","max-snippet":"max-snippet:-1","max-image-preview":"max-image-preview:large","max-video-preview":"max-video-preview:-1"},"canonical":"https:\/\/www.pebospa.com\/es\/reporte-de-sostenibilidad\/","og_locale":"es_ES","og_type":"article","og_title":"Reporte de Sostenibilidad - PEBO Materiales Pl\u00e1sticos","og_description":"El reporte de Sostenibilidad de PEBO S.p.A. refleja nuestro compromiso ESG: desde el uso de pl\u00e1stico reciclado hasta la reducci\u00f3n del impacto ambiental, pasando por la responsabilidad social y una gobernanza transparente. Descubre estrategias, resultados y objetivos futuros.","og_url":"https:\/\/www.pebospa.com\/es\/reporte-de-sostenibilidad\/","og_site_name":"Pebo Materie Plastiche","article_modified_time":"2025-01-30T10:40:58+00:00","og_image":[{"url":"https:\/\/www.pebospa.com\/wp-content\/uploads\/2024\/09\/yoastimage.jpg","width":1,"height":1,"type":"image\/jpeg"}],"twitter_card":"summary_large_image","twitter_misc":{"Tiempo de lectura":"1 minuto"},"schema":{"@context":"https:\/\/schema.org","@graph":[{"@type":"WebPage","@id":"https:\/\/www.pebospa.com\/es\/reporte-de-sostenibilidad\/","url":"https:\/\/www.pebospa.com\/es\/reporte-de-sostenibilidad\/","name":"Reporte de Sostenibilidad - PEBO Materiales Pl\u00e1sticos","isPartOf":{"@id":"https:\/\/www.pebospa.com\/es\/#website"},"datePublished":"2024-02-26T09:40:16+00:00","dateModified":"2025-01-30T10:40:58+00:00","description":"El reporte de Sostenibilidad de PEBO S.p.A. refleja nuestro compromiso ESG: desde el uso de pl\u00e1stico reciclado hasta la reducci\u00f3n del impacto ambiental, pasando por la responsabilidad social y una gobernanza transparente. Descubre estrategias, resultados y objetivos futuros.","breadcrumb":{"@id":"https:\/\/www.pebospa.com\/es\/reporte-de-sostenibilidad\/#breadcrumb"},"inLanguage":"es","potentialAction":[{"@type":"ReadAction","target":["https:\/\/www.pebospa.com\/es\/reporte-de-sostenibilidad\/"]}]},{"@type":"BreadcrumbList","@id":"https:\/\/www.pebospa.com\/es\/reporte-de-sostenibilidad\/#breadcrumb","itemListElement":[{"@type":"ListItem","position":1,"name":"Home","item":"https:\/\/www.pebospa.com\/es\/"},{"@type":"ListItem","position":2,"name":"Reporte de Sostenibilidad"}]},{"@type":"WebSite","@id":"https:\/\/www.pebospa.com\/es\/#website","url":"https:\/\/www.pebospa.com\/es\/","name":"Pebo Materie Plastiche","description":"Lavorazione e produzione di compound in polietilene alta e bassa densit\u00e0 per estrusione e soffiaggio.","potentialAction":[{"@type":"SearchAction","target":{"@type":"EntryPoint","urlTemplate":"https:\/\/www.pebospa.com\/es\/?s={search_term_string}"},"query-input":{"@type":"PropertyValueSpecification","valueRequired":true,"valueName":"search_term_string"}}],"inLanguage":"es"}]}},"_links":{"self":[{"href":"https:\/\/www.pebospa.com\/es\/wp-json\/wp\/v2\/pages\/10096","targetHints":{"allow":["GET"]}}],"collection":[{"href":"https:\/\/www.pebospa.com\/es\/wp-json\/wp\/v2\/pages"}],"about":[{"href":"https:\/\/www.pebospa.com\/es\/wp-json\/wp\/v2\/types\/page"}],"author":[{"embeddable":true,"href":"https:\/\/www.pebospa.com\/es\/wp-json\/wp\/v2\/users\/4"}],"replies":[{"embeddable":true,"href":"https:\/\/www.pebospa.com\/es\/wp-json\/wp\/v2\/comments?post=10096"}],"version-history":[{"count":6,"href":"https:\/\/www.pebospa.com\/es\/wp-json\/wp\/v2\/pages\/10096\/revisions"}],"predecessor-version":[{"id":10466,"href":"https:\/\/www.pebospa.com\/es\/wp-json\/wp\/v2\/pages\/10096\/revisions\/10466"}],"wp:attachment":[{"href":"https:\/\/www.pebospa.com\/es\/wp-json\/wp\/v2\/media?parent=10096"}],"curies":[{"name":"wp","href":"https:\/\/api.w.org\/{rel}","templated":true}]}}