{"id":5223,"date":"2014-11-19T11:07:47","date_gmt":"2014-11-19T10:07:47","guid":{"rendered":"http:\/\/www.pebospa.com\/compound-on-demand-2\/"},"modified":"2021-12-06T17:49:28","modified_gmt":"2021-12-06T16:49:28","slug":"compound-on-demand","status":"publish","type":"page","link":"https:\/\/www.pebospa.com\/es\/compound-on-demand\/","title":{"rendered":"Compound a la carta"},"content":{"rendered":"<p style=\"text-align: center;\"><a href=\"http:\/\/www.pebospa.com\/wp-content\/uploads\/2014\/11\/TARGET.jpg\"><img decoding=\"async\" class=\"lazyload wp-image-4932 alignright\" src=\"http:\/\/www.pebospa.com\/wp-content\/uploads\/2014\/11\/TARGET.jpg\" data-orig-src=\"http:\/\/www.pebospa.com\/wp-content\/uploads\/2014\/11\/TARGET.jpg\" alt=\"TARGET\" width=\"224\" height=\"224\" srcset=\"data:image\/svg+xml,%3Csvg%20xmlns%3D%27http%3A%2F%2Fwww.w3.org%2F2000%2Fsvg%27%20width%3D%27224%27%20height%3D%27224%27%20viewBox%3D%270%200%20224%20224%27%3E%3Crect%20width%3D%27224%27%20height%3D%27224%27%20fill-opacity%3D%220%22%2F%3E%3C%2Fsvg%3E\" data-srcset=\"https:\/\/www.pebospa.com\/wp-content\/uploads\/2014\/11\/TARGET-66x66.jpg 66w, https:\/\/www.pebospa.com\/wp-content\/uploads\/2014\/11\/TARGET-150x150.jpg 150w, https:\/\/www.pebospa.com\/wp-content\/uploads\/2014\/11\/TARGET-300x300.jpg 300w, https:\/\/www.pebospa.com\/wp-content\/uploads\/2014\/11\/TARGET.jpg 320w\" data-sizes=\"auto\" data-orig-sizes=\"(max-width: 224px) 100vw, 224px\" \/><\/a><\/p>\n<p><strong>Pebo<\/strong> elabora y produce compuestos de polietileno<br \/>\nde HDPE, MDPE y LDPE a petici\u00f3n.<br \/>\nSegun la indicaci\u00f3n del cliente,<br \/>\nnuestro equipo t\u00e9cnico es capaz de estudiar la formula correcta<br \/>\npara la aplicaci\u00f3n deseada, mezclando:<\/p>\n<p><strong>&#8211; Resina de polietileno virgen<\/strong><br \/>\n<strong>&#8211; Resina de polietileno Off-spec<\/strong><br \/>\n<strong>&#8211; Materiales reciclados<\/strong><br \/>\n<strong>&#8211; Masterbatchs y aditivos<\/strong><br \/>\n<strong>&#8211; Cargas minerales<\/strong><\/p>\n<p>La resina adquirida es probada en nuestros laboratorios<br \/>\ny es producida una muestra de prueba que permite al cliente comprobar el rendimiento del producto final.<br \/>\nUna vez aprobado, el compuesto es estandarizado de acuerdo a las especificaciones definidas con el cliente<br \/>\n(densidad, MFI, grado de filtraci\u00f3n, color, embalaje &#8230;)<\/p>\n<p>Hemos elaborado y producido<span style=\"color: #ff0000;\"><strong> compuestos a peticion de clientes <\/strong><\/span><br \/>\npara varias aplicaciones, tales como:<\/p>\n<p>\u2013 Film<br \/>\n\u2013 Botellas<br \/>\n\u2013 Placas<br \/>\n\u2013 Conexiones<br \/>\n\u2013 Tanques y reservorios para sustancias inflamables<br \/>\n\u2013 Geo-textiles impermeables para represas<\/p>\n<p>Ayudamos a nuestros clientes a dar mayor valor a sus productos.<\/p>\n<p><a href=\"http:\/\/www.pebospa.com\/wp-content\/uploads\/2013\/10\/comp4.jpg\" rel=\"attachment wp-att-4489\"><img decoding=\"async\" class=\"lazyload alignnone wp-image-4489\" src=\"http:\/\/www.pebospa.com\/wp-content\/uploads\/2013\/10\/comp4-300x200.jpg\" data-orig-src=\"http:\/\/www.pebospa.com\/wp-content\/uploads\/2013\/10\/comp4-300x200.jpg\" alt=\"comp4\" width=\"381\" height=\"254\" srcset=\"data:image\/svg+xml,%3Csvg%20xmlns%3D%27http%3A%2F%2Fwww.w3.org%2F2000%2Fsvg%27%20width%3D%27381%27%20height%3D%27254%27%20viewBox%3D%270%200%20381%20254%27%3E%3Crect%20width%3D%27381%27%20height%3D%27254%27%20fill-opacity%3D%220%22%2F%3E%3C%2Fsvg%3E\" data-srcset=\"https:\/\/www.pebospa.com\/wp-content\/uploads\/2013\/10\/comp4-300x200.jpg 300w, https:\/\/www.pebospa.com\/wp-content\/uploads\/2013\/10\/comp4.jpg 600w\" data-sizes=\"auto\" data-orig-sizes=\"(max-width: 381px) 100vw, 381px\" \/><\/a><\/p>\n","protected":false},"excerpt":{"rendered":"<p>Pebo elabora y produce compuestos de polietileno de HDPE, MDPE y LDPE a petici\u00f3n. Segun la indicaci\u00f3n del cliente, nuestro equipo t\u00e9cnico es capaz de estudiar la formula correcta para la aplicaci\u00f3n deseada, mezclando: &#8211; Resina de polietileno virgen &#8211; Resina de polietileno Off-spec &#8211; Materiales reciclados &#8211; Masterbatchs y aditivos &#8211; Cargas minerales La  [&#8230;]<\/p>\n","protected":false},"author":3,"featured_media":0,"parent":0,"menu_order":0,"comment_status":"open","ping_status":"open","template":"","meta":{"_acf_changed":false,"footnotes":""},"class_list":["post-5223","page","type-page","status-publish","hentry"],"acf":[],"yoast_head":"<!-- This site is optimized with the Yoast SEO plugin v27.5 - https:\/\/yoast.com\/product\/yoast-seo-wordpress\/ -->\n<title>Compound a la carta - Pebo Materie Plastiche<\/title>\n<meta name=\"robots\" content=\"index, follow, max-snippet:-1, max-image-preview:large, max-video-preview:-1\" \/>\n<link rel=\"canonical\" href=\"https:\/\/www.pebospa.com\/es\/compound-on-demand\/\" \/>\n<meta property=\"og:locale\" content=\"es_ES\" \/>\n<meta property=\"og:type\" content=\"article\" \/>\n<meta property=\"og:title\" content=\"Compound a la carta - Pebo Materie Plastiche\" \/>\n<meta property=\"og:description\" content=\"Pebo elabora y produce compuestos de polietileno de HDPE, MDPE y LDPE a petici\u00f3n. Segun la indicaci\u00f3n del cliente, nuestro equipo t\u00e9cnico es capaz de estudiar la formula correcta para la aplicaci\u00f3n deseada, mezclando: &#8211; Resina de polietileno virgen &#8211; Resina de polietileno Off-spec &#8211; Materiales reciclados &#8211; Masterbatchs y aditivos &#8211; Cargas minerales La [...]\" \/>\n<meta property=\"og:url\" content=\"https:\/\/www.pebospa.com\/es\/compound-on-demand\/\" \/>\n<meta property=\"og:site_name\" content=\"Pebo Materie Plastiche\" \/>\n<meta property=\"article:modified_time\" content=\"2021-12-06T16:49:28+00:00\" \/>\n<meta property=\"og:image\" content=\"http:\/\/www.pebospa.com\/wp-content\/uploads\/2014\/11\/TARGET.jpg\" \/>\n<meta name=\"twitter:card\" content=\"summary_large_image\" \/>\n<meta name=\"twitter:label1\" content=\"Tiempo de lectura\" \/>\n\t<meta name=\"twitter:data1\" content=\"1 minuto\" \/>\n<script type=\"application\/ld+json\" class=\"yoast-schema-graph\">{\"@context\":\"https:\\\/\\\/schema.org\",\"@graph\":[{\"@type\":\"WebPage\",\"@id\":\"https:\\\/\\\/www.pebospa.com\\\/es\\\/compound-on-demand\\\/\",\"url\":\"https:\\\/\\\/www.pebospa.com\\\/es\\\/compound-on-demand\\\/\",\"name\":\"Compound a la carta - Pebo Materie Plastiche\",\"isPartOf\":{\"@id\":\"https:\\\/\\\/www.pebospa.com\\\/es\\\/#website\"},\"primaryImageOfPage\":{\"@id\":\"https:\\\/\\\/www.pebospa.com\\\/es\\\/compound-on-demand\\\/#primaryimage\"},\"image\":{\"@id\":\"https:\\\/\\\/www.pebospa.com\\\/es\\\/compound-on-demand\\\/#primaryimage\"},\"thumbnailUrl\":\"http:\\\/\\\/www.pebospa.com\\\/wp-content\\\/uploads\\\/2014\\\/11\\\/TARGET.jpg\",\"datePublished\":\"2014-11-19T10:07:47+00:00\",\"dateModified\":\"2021-12-06T16:49:28+00:00\",\"breadcrumb\":{\"@id\":\"https:\\\/\\\/www.pebospa.com\\\/es\\\/compound-on-demand\\\/#breadcrumb\"},\"inLanguage\":\"es\",\"potentialAction\":[{\"@type\":\"ReadAction\",\"target\":[\"https:\\\/\\\/www.pebospa.com\\\/es\\\/compound-on-demand\\\/\"]}]},{\"@type\":\"ImageObject\",\"inLanguage\":\"es\",\"@id\":\"https:\\\/\\\/www.pebospa.com\\\/es\\\/compound-on-demand\\\/#primaryimage\",\"url\":\"http:\\\/\\\/www.pebospa.com\\\/wp-content\\\/uploads\\\/2014\\\/11\\\/TARGET.jpg\",\"contentUrl\":\"http:\\\/\\\/www.pebospa.com\\\/wp-content\\\/uploads\\\/2014\\\/11\\\/TARGET.jpg\"},{\"@type\":\"BreadcrumbList\",\"@id\":\"https:\\\/\\\/www.pebospa.com\\\/es\\\/compound-on-demand\\\/#breadcrumb\",\"itemListElement\":[{\"@type\":\"ListItem\",\"position\":1,\"name\":\"Home\",\"item\":\"https:\\\/\\\/www.pebospa.com\\\/es\\\/\"},{\"@type\":\"ListItem\",\"position\":2,\"name\":\"Compound a la carta\"}]},{\"@type\":\"WebSite\",\"@id\":\"https:\\\/\\\/www.pebospa.com\\\/es\\\/#website\",\"url\":\"https:\\\/\\\/www.pebospa.com\\\/es\\\/\",\"name\":\"Pebo Materie Plastiche\",\"description\":\"Lavorazione e produzione di compound in polietilene alta e bassa densit\u00e0 per estrusione e soffiaggio.\",\"potentialAction\":[{\"@type\":\"SearchAction\",\"target\":{\"@type\":\"EntryPoint\",\"urlTemplate\":\"https:\\\/\\\/www.pebospa.com\\\/es\\\/?s={search_term_string}\"},\"query-input\":{\"@type\":\"PropertyValueSpecification\",\"valueRequired\":true,\"valueName\":\"search_term_string\"}}],\"inLanguage\":\"es\"}]}<\/script>\n<!-- \/ Yoast SEO plugin. -->","yoast_head_json":{"title":"Compound a la carta - Pebo Materie Plastiche","robots":{"index":"index","follow":"follow","max-snippet":"max-snippet:-1","max-image-preview":"max-image-preview:large","max-video-preview":"max-video-preview:-1"},"canonical":"https:\/\/www.pebospa.com\/es\/compound-on-demand\/","og_locale":"es_ES","og_type":"article","og_title":"Compound a la carta - Pebo Materie Plastiche","og_description":"Pebo elabora y produce compuestos de polietileno de HDPE, MDPE y LDPE a petici\u00f3n. Segun la indicaci\u00f3n del cliente, nuestro equipo t\u00e9cnico es capaz de estudiar la formula correcta para la aplicaci\u00f3n deseada, mezclando: &#8211; Resina de polietileno virgen &#8211; Resina de polietileno Off-spec &#8211; Materiales reciclados &#8211; Masterbatchs y aditivos &#8211; Cargas minerales La [...]","og_url":"https:\/\/www.pebospa.com\/es\/compound-on-demand\/","og_site_name":"Pebo Materie Plastiche","article_modified_time":"2021-12-06T16:49:28+00:00","og_image":[{"url":"http:\/\/www.pebospa.com\/wp-content\/uploads\/2014\/11\/TARGET.jpg","type":"","width":"","height":""}],"twitter_card":"summary_large_image","twitter_misc":{"Tiempo de lectura":"1 minuto"},"schema":{"@context":"https:\/\/schema.org","@graph":[{"@type":"WebPage","@id":"https:\/\/www.pebospa.com\/es\/compound-on-demand\/","url":"https:\/\/www.pebospa.com\/es\/compound-on-demand\/","name":"Compound a la carta - Pebo Materie Plastiche","isPartOf":{"@id":"https:\/\/www.pebospa.com\/es\/#website"},"primaryImageOfPage":{"@id":"https:\/\/www.pebospa.com\/es\/compound-on-demand\/#primaryimage"},"image":{"@id":"https:\/\/www.pebospa.com\/es\/compound-on-demand\/#primaryimage"},"thumbnailUrl":"http:\/\/www.pebospa.com\/wp-content\/uploads\/2014\/11\/TARGET.jpg","datePublished":"2014-11-19T10:07:47+00:00","dateModified":"2021-12-06T16:49:28+00:00","breadcrumb":{"@id":"https:\/\/www.pebospa.com\/es\/compound-on-demand\/#breadcrumb"},"inLanguage":"es","potentialAction":[{"@type":"ReadAction","target":["https:\/\/www.pebospa.com\/es\/compound-on-demand\/"]}]},{"@type":"ImageObject","inLanguage":"es","@id":"https:\/\/www.pebospa.com\/es\/compound-on-demand\/#primaryimage","url":"http:\/\/www.pebospa.com\/wp-content\/uploads\/2014\/11\/TARGET.jpg","contentUrl":"http:\/\/www.pebospa.com\/wp-content\/uploads\/2014\/11\/TARGET.jpg"},{"@type":"BreadcrumbList","@id":"https:\/\/www.pebospa.com\/es\/compound-on-demand\/#breadcrumb","itemListElement":[{"@type":"ListItem","position":1,"name":"Home","item":"https:\/\/www.pebospa.com\/es\/"},{"@type":"ListItem","position":2,"name":"Compound a la carta"}]},{"@type":"WebSite","@id":"https:\/\/www.pebospa.com\/es\/#website","url":"https:\/\/www.pebospa.com\/es\/","name":"Pebo Materie Plastiche","description":"Lavorazione e produzione di compound in polietilene alta e bassa densit\u00e0 per estrusione e soffiaggio.","potentialAction":[{"@type":"SearchAction","target":{"@type":"EntryPoint","urlTemplate":"https:\/\/www.pebospa.com\/es\/?s={search_term_string}"},"query-input":{"@type":"PropertyValueSpecification","valueRequired":true,"valueName":"search_term_string"}}],"inLanguage":"es"}]}},"_links":{"self":[{"href":"https:\/\/www.pebospa.com\/es\/wp-json\/wp\/v2\/pages\/5223","targetHints":{"allow":["GET"]}}],"collection":[{"href":"https:\/\/www.pebospa.com\/es\/wp-json\/wp\/v2\/pages"}],"about":[{"href":"https:\/\/www.pebospa.com\/es\/wp-json\/wp\/v2\/types\/page"}],"author":[{"embeddable":true,"href":"https:\/\/www.pebospa.com\/es\/wp-json\/wp\/v2\/users\/3"}],"replies":[{"embeddable":true,"href":"https:\/\/www.pebospa.com\/es\/wp-json\/wp\/v2\/comments?post=5223"}],"version-history":[{"count":2,"href":"https:\/\/www.pebospa.com\/es\/wp-json\/wp\/v2\/pages\/5223\/revisions"}],"predecessor-version":[{"id":8435,"href":"https:\/\/www.pebospa.com\/es\/wp-json\/wp\/v2\/pages\/5223\/revisions\/8435"}],"wp:attachment":[{"href":"https:\/\/www.pebospa.com\/es\/wp-json\/wp\/v2\/media?parent=5223"}],"curies":[{"name":"wp","href":"https:\/\/api.w.org\/{rel}","templated":true}]}}