{"id":12027,"date":"2025-09-09T16:32:42","date_gmt":"2025-09-09T14:32:42","guid":{"rendered":"https:\/\/www.pebospa.com\/?page_id=12027"},"modified":"2025-09-10T14:52:46","modified_gmt":"2025-09-10T12:52:46","slug":"repebolen-compound-on-demand","status":"publish","type":"page","link":"https:\/\/www.pebospa.com\/fr\/repebolen-compound-on-demand\/","title":{"rendered":"REPEBOLEN &#8211; Compound on Demand"},"content":{"rendered":"<p style=\"text-align: center;\"><img decoding=\"async\" class=\"lazyload wp-image-4932 alignright\" src=\"http:\/\/www.pebospa.com\/wp-content\/uploads\/2014\/11\/TARGET.jpg\" data-orig-src=\"http:\/\/www.pebospa.com\/wp-content\/uploads\/2014\/11\/TARGET.jpg\" alt=\"TARGET\" width=\"224\" height=\"224\" srcset=\"data:image\/svg+xml,%3Csvg%20xmlns%3D%27http%3A%2F%2Fwww.w3.org%2F2000%2Fsvg%27%20width%3D%27224%27%20height%3D%27224%27%20viewBox%3D%270%200%20224%20224%27%3E%3Crect%20width%3D%27224%27%20height%3D%27224%27%20fill-opacity%3D%220%22%2F%3E%3C%2Fsvg%3E\" data-srcset=\"https:\/\/www.pebospa.com\/wp-content\/uploads\/2014\/11\/TARGET-66x66.jpg 66w, https:\/\/www.pebospa.com\/wp-content\/uploads\/2014\/11\/TARGET-150x150.jpg 150w, https:\/\/www.pebospa.com\/wp-content\/uploads\/2014\/11\/TARGET-300x300.jpg 300w, https:\/\/www.pebospa.com\/wp-content\/uploads\/2014\/11\/TARGET.jpg 320w\" data-sizes=\"auto\" data-orig-sizes=\"(max-width: 224px) 100vw, 224px\" \/><\/p>\n<p><strong>Pebo d\u00e9veloppe et produit des compounds de poly\u00e9thyl\u00e8ne HDPE, MDPE et LDPE sur demande du client.<\/strong><\/p>\n<p>\u00c0 partir de l\u2019\u00e9valuation des besoins du client, notre \u00e9quipe technique est en mesure d\u2019\u00e9tudier la formulation ad\u00e9quate pour l\u2019application souhait\u00e9e, en combinant:<\/p>\n<p><strong>\u2013 R\u00e9sine de poly\u00e9thyl\u00e8ne vierge<\/strong><br \/>\n<strong>\u2013 R\u00e9sine de poly\u00e9thyl\u00e8ne hors sp\u00e9cification<\/strong><br \/>\n<strong>\u2013 Mat\u00e9riaux recycl\u00e9s<\/strong><br \/>\n<strong>\u2013 Masterbatch et additifs<\/strong><br \/>\n<strong>\u2013 Charges min\u00e9rales<\/strong><\/p>\n<p>La r\u00e9sine acquise est test\u00e9e dans nos laboratoires et une pr\u00e9s\u00e9rie est r\u00e9alis\u00e9e afin de permettre au client de v\u00e9rifier les performances de son produit final.<br \/>\nUne fois approuv\u00e9e, la formulation est standardis\u00e9e conform\u00e9ment aux sp\u00e9cifications d\u00e9finies avec le client (densit\u00e9, MFI, grade de filtration, couleur, emballage \u2026).<\/p>\n<p>Nous avons d\u00e9velopp\u00e9 et produit <span style=\"color: #ff0000;\">des compounds \u00e0 la demande<\/span> pour diverses applications, telles que :<\/p>\n<p>\u2013 Films<br \/>\n\u2013 Bouteilles<br \/>\n\u2013 Plaques<br \/>\n\u2013 Raccords pour tuyauteries<br \/>\n\u2013 R\u00e9servoirs pour substances inflammables<br \/>\n\u2013 G\u00e9otextiles imperm\u00e9ables pour barrages<\/p>\n<p><strong>Nous aidons nos clients \u00e0 cr\u00e9er de la valeur pour leurs produits.<\/strong><\/p>\n<p>&nbsp;<\/p>\n<p><a href=\"http:\/\/www.pebospa.com\/wp-content\/uploads\/2013\/10\/comp4.jpg\" rel=\"attachment wp-att-4489\"><img decoding=\"async\" class=\"lazyload alignnone wp-image-4489\" src=\"http:\/\/www.pebospa.com\/wp-content\/uploads\/2013\/10\/comp4-300x200.jpg\" data-orig-src=\"http:\/\/www.pebospa.com\/wp-content\/uploads\/2013\/10\/comp4-300x200.jpg\" alt=\"comp4\" width=\"381\" height=\"254\" srcset=\"data:image\/svg+xml,%3Csvg%20xmlns%3D%27http%3A%2F%2Fwww.w3.org%2F2000%2Fsvg%27%20width%3D%27381%27%20height%3D%27254%27%20viewBox%3D%270%200%20381%20254%27%3E%3Crect%20width%3D%27381%27%20height%3D%27254%27%20fill-opacity%3D%220%22%2F%3E%3C%2Fsvg%3E\" data-srcset=\"https:\/\/www.pebospa.com\/wp-content\/uploads\/2013\/10\/comp4-300x200.jpg 300w, https:\/\/www.pebospa.com\/wp-content\/uploads\/2013\/10\/comp4.jpg 600w\" data-sizes=\"auto\" data-orig-sizes=\"(max-width: 381px) 100vw, 381px\" \/><\/a><\/p>\n","protected":false},"excerpt":{"rendered":"<p>Pebo d\u00e9veloppe et produit des compounds de poly\u00e9thyl\u00e8ne HDPE, MDPE et LDPE sur demande du client. \u00c0 partir de l\u2019\u00e9valuation des besoins du client, notre \u00e9quipe technique est en mesure d\u2019\u00e9tudier la formulation ad\u00e9quate pour l\u2019application souhait\u00e9e, en combinant: \u2013 R\u00e9sine de poly\u00e9thyl\u00e8ne vierge \u2013 R\u00e9sine de poly\u00e9thyl\u00e8ne hors sp\u00e9cification \u2013 Mat\u00e9riaux recycl\u00e9s \u2013 Masterbatch  [&#8230;]<\/p>\n","protected":false},"author":3,"featured_media":0,"parent":0,"menu_order":0,"comment_status":"open","ping_status":"open","template":"","meta":{"_acf_changed":false,"footnotes":""},"class_list":["post-12027","page","type-page","status-publish","hentry"],"acf":[],"yoast_head":"<!-- This site is optimized with the Yoast SEO plugin v27.1.1 - https:\/\/yoast.com\/product\/yoast-seo-wordpress\/ -->\n<title>REPEBOLEN - Compound on Demand - Pebo Materie Plastiche<\/title>\n<meta name=\"robots\" content=\"index, follow, max-snippet:-1, max-image-preview:large, max-video-preview:-1\" \/>\n<link rel=\"canonical\" href=\"https:\/\/www.pebospa.com\/fr\/repebolen-compound-on-demand\/\" \/>\n<meta property=\"og:locale\" content=\"fr_FR\" \/>\n<meta property=\"og:type\" content=\"article\" \/>\n<meta property=\"og:title\" content=\"REPEBOLEN - Compound on Demand - Pebo Materie Plastiche\" \/>\n<meta property=\"og:description\" content=\"Pebo d\u00e9veloppe et produit des compounds de poly\u00e9thyl\u00e8ne HDPE, MDPE et LDPE sur demande du client. \u00c0 partir de l\u2019\u00e9valuation des besoins du client, notre \u00e9quipe technique est en mesure d\u2019\u00e9tudier la formulation ad\u00e9quate pour l\u2019application souhait\u00e9e, en combinant: \u2013 R\u00e9sine de poly\u00e9thyl\u00e8ne vierge \u2013 R\u00e9sine de poly\u00e9thyl\u00e8ne hors sp\u00e9cification \u2013 Mat\u00e9riaux recycl\u00e9s \u2013 Masterbatch [...]\" \/>\n<meta property=\"og:url\" content=\"https:\/\/www.pebospa.com\/fr\/repebolen-compound-on-demand\/\" \/>\n<meta property=\"og:site_name\" content=\"Pebo Materie Plastiche\" \/>\n<meta property=\"article:modified_time\" content=\"2025-09-10T12:52:46+00:00\" \/>\n<meta property=\"og:image\" content=\"https:\/\/www.pebospa.com\/wp-content\/uploads\/2014\/11\/TARGET.jpg\" \/>\n\t<meta property=\"og:image:width\" content=\"320\" \/>\n\t<meta property=\"og:image:height\" content=\"320\" \/>\n\t<meta property=\"og:image:type\" content=\"image\/jpeg\" \/>\n<meta name=\"twitter:card\" content=\"summary_large_image\" \/>\n<meta name=\"twitter:label1\" content=\"Dur\u00e9e de lecture estim\u00e9e\" \/>\n\t<meta name=\"twitter:data1\" content=\"2 minutes\" \/>\n<script type=\"application\/ld+json\" class=\"yoast-schema-graph\">{\"@context\":\"https:\/\/schema.org\",\"@graph\":[{\"@type\":\"WebPage\",\"@id\":\"https:\/\/www.pebospa.com\/fr\/repebolen-compound-on-demand\/\",\"url\":\"https:\/\/www.pebospa.com\/fr\/repebolen-compound-on-demand\/\",\"name\":\"REPEBOLEN - Compound on Demand - Pebo Materie Plastiche\",\"isPartOf\":{\"@id\":\"https:\/\/www.pebospa.com\/fr\/#website\"},\"primaryImageOfPage\":{\"@id\":\"https:\/\/www.pebospa.com\/fr\/repebolen-compound-on-demand\/#primaryimage\"},\"image\":{\"@id\":\"https:\/\/www.pebospa.com\/fr\/repebolen-compound-on-demand\/#primaryimage\"},\"thumbnailUrl\":\"http:\/\/www.pebospa.com\/wp-content\/uploads\/2014\/11\/TARGET.jpg\",\"datePublished\":\"2025-09-09T14:32:42+00:00\",\"dateModified\":\"2025-09-10T12:52:46+00:00\",\"breadcrumb\":{\"@id\":\"https:\/\/www.pebospa.com\/fr\/repebolen-compound-on-demand\/#breadcrumb\"},\"inLanguage\":\"fr-FR\",\"potentialAction\":[{\"@type\":\"ReadAction\",\"target\":[\"https:\/\/www.pebospa.com\/fr\/repebolen-compound-on-demand\/\"]}]},{\"@type\":\"ImageObject\",\"inLanguage\":\"fr-FR\",\"@id\":\"https:\/\/www.pebospa.com\/fr\/repebolen-compound-on-demand\/#primaryimage\",\"url\":\"http:\/\/www.pebospa.com\/wp-content\/uploads\/2014\/11\/TARGET.jpg\",\"contentUrl\":\"http:\/\/www.pebospa.com\/wp-content\/uploads\/2014\/11\/TARGET.jpg\"},{\"@type\":\"BreadcrumbList\",\"@id\":\"https:\/\/www.pebospa.com\/fr\/repebolen-compound-on-demand\/#breadcrumb\",\"itemListElement\":[{\"@type\":\"ListItem\",\"position\":1,\"name\":\"Home\",\"item\":\"https:\/\/www.pebospa.com\/fr\/\"},{\"@type\":\"ListItem\",\"position\":2,\"name\":\"REPEBOLEN &#8211; Compound on Demand\"}]},{\"@type\":\"WebSite\",\"@id\":\"https:\/\/www.pebospa.com\/fr\/#website\",\"url\":\"https:\/\/www.pebospa.com\/fr\/\",\"name\":\"Pebo Materie Plastiche\",\"description\":\"Lavorazione e produzione di compound in polietilene alta e bassa densit\u00e0 per estrusione e soffiaggio.\",\"potentialAction\":[{\"@type\":\"SearchAction\",\"target\":{\"@type\":\"EntryPoint\",\"urlTemplate\":\"https:\/\/www.pebospa.com\/fr\/?s={search_term_string}\"},\"query-input\":{\"@type\":\"PropertyValueSpecification\",\"valueRequired\":true,\"valueName\":\"search_term_string\"}}],\"inLanguage\":\"fr-FR\"}]}<\/script>\n<!-- \/ Yoast SEO plugin. -->","yoast_head_json":{"title":"REPEBOLEN - Compound on Demand - Pebo Materie Plastiche","robots":{"index":"index","follow":"follow","max-snippet":"max-snippet:-1","max-image-preview":"max-image-preview:large","max-video-preview":"max-video-preview:-1"},"canonical":"https:\/\/www.pebospa.com\/fr\/repebolen-compound-on-demand\/","og_locale":"fr_FR","og_type":"article","og_title":"REPEBOLEN - Compound on Demand - Pebo Materie Plastiche","og_description":"Pebo d\u00e9veloppe et produit des compounds de poly\u00e9thyl\u00e8ne HDPE, MDPE et LDPE sur demande du client. \u00c0 partir de l\u2019\u00e9valuation des besoins du client, notre \u00e9quipe technique est en mesure d\u2019\u00e9tudier la formulation ad\u00e9quate pour l\u2019application souhait\u00e9e, en combinant: \u2013 R\u00e9sine de poly\u00e9thyl\u00e8ne vierge \u2013 R\u00e9sine de poly\u00e9thyl\u00e8ne hors sp\u00e9cification \u2013 Mat\u00e9riaux recycl\u00e9s \u2013 Masterbatch [...]","og_url":"https:\/\/www.pebospa.com\/fr\/repebolen-compound-on-demand\/","og_site_name":"Pebo Materie Plastiche","article_modified_time":"2025-09-10T12:52:46+00:00","og_image":[{"width":320,"height":320,"url":"https:\/\/www.pebospa.com\/wp-content\/uploads\/2014\/11\/TARGET.jpg","type":"image\/jpeg"}],"twitter_card":"summary_large_image","twitter_misc":{"Dur\u00e9e de lecture estim\u00e9e":"2 minutes"},"schema":{"@context":"https:\/\/schema.org","@graph":[{"@type":"WebPage","@id":"https:\/\/www.pebospa.com\/fr\/repebolen-compound-on-demand\/","url":"https:\/\/www.pebospa.com\/fr\/repebolen-compound-on-demand\/","name":"REPEBOLEN - Compound on Demand - Pebo Materie Plastiche","isPartOf":{"@id":"https:\/\/www.pebospa.com\/fr\/#website"},"primaryImageOfPage":{"@id":"https:\/\/www.pebospa.com\/fr\/repebolen-compound-on-demand\/#primaryimage"},"image":{"@id":"https:\/\/www.pebospa.com\/fr\/repebolen-compound-on-demand\/#primaryimage"},"thumbnailUrl":"http:\/\/www.pebospa.com\/wp-content\/uploads\/2014\/11\/TARGET.jpg","datePublished":"2025-09-09T14:32:42+00:00","dateModified":"2025-09-10T12:52:46+00:00","breadcrumb":{"@id":"https:\/\/www.pebospa.com\/fr\/repebolen-compound-on-demand\/#breadcrumb"},"inLanguage":"fr-FR","potentialAction":[{"@type":"ReadAction","target":["https:\/\/www.pebospa.com\/fr\/repebolen-compound-on-demand\/"]}]},{"@type":"ImageObject","inLanguage":"fr-FR","@id":"https:\/\/www.pebospa.com\/fr\/repebolen-compound-on-demand\/#primaryimage","url":"http:\/\/www.pebospa.com\/wp-content\/uploads\/2014\/11\/TARGET.jpg","contentUrl":"http:\/\/www.pebospa.com\/wp-content\/uploads\/2014\/11\/TARGET.jpg"},{"@type":"BreadcrumbList","@id":"https:\/\/www.pebospa.com\/fr\/repebolen-compound-on-demand\/#breadcrumb","itemListElement":[{"@type":"ListItem","position":1,"name":"Home","item":"https:\/\/www.pebospa.com\/fr\/"},{"@type":"ListItem","position":2,"name":"REPEBOLEN &#8211; Compound on Demand"}]},{"@type":"WebSite","@id":"https:\/\/www.pebospa.com\/fr\/#website","url":"https:\/\/www.pebospa.com\/fr\/","name":"Pebo Materie Plastiche","description":"Lavorazione e produzione di compound in polietilene alta e bassa densit\u00e0 per estrusione e soffiaggio.","potentialAction":[{"@type":"SearchAction","target":{"@type":"EntryPoint","urlTemplate":"https:\/\/www.pebospa.com\/fr\/?s={search_term_string}"},"query-input":{"@type":"PropertyValueSpecification","valueRequired":true,"valueName":"search_term_string"}}],"inLanguage":"fr-FR"}]}},"_links":{"self":[{"href":"https:\/\/www.pebospa.com\/fr\/wp-json\/wp\/v2\/pages\/12027","targetHints":{"allow":["GET"]}}],"collection":[{"href":"https:\/\/www.pebospa.com\/fr\/wp-json\/wp\/v2\/pages"}],"about":[{"href":"https:\/\/www.pebospa.com\/fr\/wp-json\/wp\/v2\/types\/page"}],"author":[{"embeddable":true,"href":"https:\/\/www.pebospa.com\/fr\/wp-json\/wp\/v2\/users\/3"}],"replies":[{"embeddable":true,"href":"https:\/\/www.pebospa.com\/fr\/wp-json\/wp\/v2\/comments?post=12027"}],"version-history":[{"count":2,"href":"https:\/\/www.pebospa.com\/fr\/wp-json\/wp\/v2\/pages\/12027\/revisions"}],"predecessor-version":[{"id":12500,"href":"https:\/\/www.pebospa.com\/fr\/wp-json\/wp\/v2\/pages\/12027\/revisions\/12500"}],"wp:attachment":[{"href":"https:\/\/www.pebospa.com\/fr\/wp-json\/wp\/v2\/media?parent=12027"}],"curies":[{"name":"wp","href":"https:\/\/api.w.org\/{rel}","templated":true}]}}