{"id":8238,"date":"2021-11-05T11:28:19","date_gmt":"2021-11-05T10:28:19","guid":{"rendered":"https:\/\/www.pebospa.com\/?page_id=8238"},"modified":"2022-11-22T09:07:02","modified_gmt":"2022-11-22T08:07:02","slug":"merci-pour-votre-message","status":"publish","type":"page","link":"https:\/\/www.pebospa.com\/fr\/merci-pour-votre-message\/","title":{"rendered":"Merci pour votre message"},"content":{"rendered":"<div class=\"fusion-fullwidth fullwidth-box fusion-builder-row-1 fusion-flex-container nonhundred-percent-fullwidth non-hundred-percent-height-scrolling\" style=\"--awb-border-radius-top-left:0px;--awb-border-radius-top-right:0px;--awb-border-radius-bottom-right:0px;--awb-border-radius-bottom-left:0px;--awb-flex-wrap:wrap;\" ><div class=\"fusion-builder-row fusion-row fusion-flex-align-items-flex-start fusion-flex-content-wrap\" style=\"max-width:calc( 1440px + 0px );margin-left: calc(-0px \/ 2 );margin-right: calc(-0px \/ 2 );\"><div class=\"fusion-layout-column fusion_builder_column fusion-builder-column-0 fusion_builder_column_1_1 1_1 fusion-flex-column min-height-100\" style=\"--awb-bg-size:cover;--awb-width-large:100%;--awb-margin-top-large:0px;--awb-spacing-right-large:0px;--awb-margin-bottom-large:20px;--awb-spacing-left-large:0px;--awb-width-medium:100%;--awb-spacing-right-medium:0px;--awb-spacing-left-medium:0px;--awb-width-small:100%;--awb-spacing-right-small:0px;--awb-spacing-left-small:0px;\"><div class=\"fusion-column-wrapper fusion-column-has-shadow fusion-flex-justify-content-flex-start fusion-content-layout-column\"><div class=\"fusion-text fusion-text-1\"><h1 style=\"text-align: center;\"><span style=\"color: #000000;\">Votre demande a \u00e9t\u00e9 re\u00e7ue avec succ\u00e8s<\/span><\/h1>\n<p style=\"text-align: center;\">Vous serez contact\u00e8 par notre personnel dans les 48 heures<\/p>\n<\/div><div style=\"text-align:center;\"><a class=\"fusion-button button-flat fusion-button-default-size button-default fusion-button-default button-1 fusion-button-default-span fusion-button-default-type\" target=\"_self\" href=\"https:\/\/www.pebospa.com\/fr\/\"><span class=\"fusion-button-text awb-button__text awb-button__text--default\">REVENIR<\/span><\/a><\/div><\/div><\/div><\/div><\/div>\n","protected":false},"excerpt":{"rendered":"","protected":false},"author":3,"featured_media":0,"parent":0,"menu_order":0,"comment_status":"closed","ping_status":"closed","template":"","meta":{"_acf_changed":false,"footnotes":""},"class_list":["post-8238","page","type-page","status-publish","hentry"],"acf":[],"yoast_head":"<!-- This site is optimized with the Yoast SEO plugin v27.1.1 - https:\/\/yoast.com\/product\/yoast-seo-wordpress\/ -->\n<title>Merci pour votre message - Pebo Materie Plastiche<\/title>\n<meta name=\"robots\" content=\"index, follow, max-snippet:-1, max-image-preview:large, max-video-preview:-1\" \/>\n<link rel=\"canonical\" href=\"https:\/\/www.pebospa.com\/fr\/merci-pour-votre-message\/\" \/>\n<meta property=\"og:locale\" content=\"fr_FR\" \/>\n<meta property=\"og:type\" content=\"article\" \/>\n<meta property=\"og:title\" content=\"Merci pour votre message - Pebo Materie Plastiche\" \/>\n<meta property=\"og:url\" content=\"https:\/\/www.pebospa.com\/fr\/merci-pour-votre-message\/\" \/>\n<meta property=\"og:site_name\" content=\"Pebo Materie Plastiche\" \/>\n<meta property=\"article:modified_time\" content=\"2022-11-22T08:07:02+00:00\" \/>\n<meta property=\"og:image\" content=\"https:\/\/www.pebospa.com\/wp-content\/uploads\/2024\/09\/yoastimage.jpg\" \/>\n\t<meta property=\"og:image:width\" content=\"1\" \/>\n\t<meta property=\"og:image:height\" content=\"1\" \/>\n\t<meta property=\"og:image:type\" content=\"image\/jpeg\" \/>\n<meta name=\"twitter:card\" content=\"summary_large_image\" \/>\n<meta name=\"twitter:label1\" content=\"Dur\u00e9e de lecture estim\u00e9e\" \/>\n\t<meta name=\"twitter:data1\" content=\"2 minutes\" \/>\n<script type=\"application\/ld+json\" class=\"yoast-schema-graph\">{\"@context\":\"https:\/\/schema.org\",\"@graph\":[{\"@type\":\"WebPage\",\"@id\":\"https:\/\/www.pebospa.com\/fr\/merci-pour-votre-message\/\",\"url\":\"https:\/\/www.pebospa.com\/fr\/merci-pour-votre-message\/\",\"name\":\"Merci pour votre message - Pebo Materie Plastiche\",\"isPartOf\":{\"@id\":\"https:\/\/www.pebospa.com\/fr\/#website\"},\"datePublished\":\"2021-11-05T10:28:19+00:00\",\"dateModified\":\"2022-11-22T08:07:02+00:00\",\"breadcrumb\":{\"@id\":\"https:\/\/www.pebospa.com\/fr\/merci-pour-votre-message\/#breadcrumb\"},\"inLanguage\":\"fr-FR\",\"potentialAction\":[{\"@type\":\"ReadAction\",\"target\":[\"https:\/\/www.pebospa.com\/fr\/merci-pour-votre-message\/\"]}]},{\"@type\":\"BreadcrumbList\",\"@id\":\"https:\/\/www.pebospa.com\/fr\/merci-pour-votre-message\/#breadcrumb\",\"itemListElement\":[{\"@type\":\"ListItem\",\"position\":1,\"name\":\"Home\",\"item\":\"https:\/\/www.pebospa.com\/fr\/\"},{\"@type\":\"ListItem\",\"position\":2,\"name\":\"Merci pour votre message\"}]},{\"@type\":\"WebSite\",\"@id\":\"https:\/\/www.pebospa.com\/fr\/#website\",\"url\":\"https:\/\/www.pebospa.com\/fr\/\",\"name\":\"Pebo Materie Plastiche\",\"description\":\"Lavorazione e produzione di compound in polietilene alta e bassa densit\u00e0 per estrusione e soffiaggio.\",\"potentialAction\":[{\"@type\":\"SearchAction\",\"target\":{\"@type\":\"EntryPoint\",\"urlTemplate\":\"https:\/\/www.pebospa.com\/fr\/?s={search_term_string}\"},\"query-input\":{\"@type\":\"PropertyValueSpecification\",\"valueRequired\":true,\"valueName\":\"search_term_string\"}}],\"inLanguage\":\"fr-FR\"}]}<\/script>\n<!-- \/ Yoast SEO plugin. -->","yoast_head_json":{"title":"Merci pour votre message - Pebo Materie Plastiche","robots":{"index":"index","follow":"follow","max-snippet":"max-snippet:-1","max-image-preview":"max-image-preview:large","max-video-preview":"max-video-preview:-1"},"canonical":"https:\/\/www.pebospa.com\/fr\/merci-pour-votre-message\/","og_locale":"fr_FR","og_type":"article","og_title":"Merci pour votre message - Pebo Materie Plastiche","og_url":"https:\/\/www.pebospa.com\/fr\/merci-pour-votre-message\/","og_site_name":"Pebo Materie Plastiche","article_modified_time":"2022-11-22T08:07:02+00:00","og_image":[{"url":"https:\/\/www.pebospa.com\/wp-content\/uploads\/2024\/09\/yoastimage.jpg","width":1,"height":1,"type":"image\/jpeg"}],"twitter_card":"summary_large_image","twitter_misc":{"Dur\u00e9e de lecture estim\u00e9e":"2 minutes"},"schema":{"@context":"https:\/\/schema.org","@graph":[{"@type":"WebPage","@id":"https:\/\/www.pebospa.com\/fr\/merci-pour-votre-message\/","url":"https:\/\/www.pebospa.com\/fr\/merci-pour-votre-message\/","name":"Merci pour votre message - Pebo Materie Plastiche","isPartOf":{"@id":"https:\/\/www.pebospa.com\/fr\/#website"},"datePublished":"2021-11-05T10:28:19+00:00","dateModified":"2022-11-22T08:07:02+00:00","breadcrumb":{"@id":"https:\/\/www.pebospa.com\/fr\/merci-pour-votre-message\/#breadcrumb"},"inLanguage":"fr-FR","potentialAction":[{"@type":"ReadAction","target":["https:\/\/www.pebospa.com\/fr\/merci-pour-votre-message\/"]}]},{"@type":"BreadcrumbList","@id":"https:\/\/www.pebospa.com\/fr\/merci-pour-votre-message\/#breadcrumb","itemListElement":[{"@type":"ListItem","position":1,"name":"Home","item":"https:\/\/www.pebospa.com\/fr\/"},{"@type":"ListItem","position":2,"name":"Merci pour votre message"}]},{"@type":"WebSite","@id":"https:\/\/www.pebospa.com\/fr\/#website","url":"https:\/\/www.pebospa.com\/fr\/","name":"Pebo Materie Plastiche","description":"Lavorazione e produzione di compound in polietilene alta e bassa densit\u00e0 per estrusione e soffiaggio.","potentialAction":[{"@type":"SearchAction","target":{"@type":"EntryPoint","urlTemplate":"https:\/\/www.pebospa.com\/fr\/?s={search_term_string}"},"query-input":{"@type":"PropertyValueSpecification","valueRequired":true,"valueName":"search_term_string"}}],"inLanguage":"fr-FR"}]}},"_links":{"self":[{"href":"https:\/\/www.pebospa.com\/fr\/wp-json\/wp\/v2\/pages\/8238","targetHints":{"allow":["GET"]}}],"collection":[{"href":"https:\/\/www.pebospa.com\/fr\/wp-json\/wp\/v2\/pages"}],"about":[{"href":"https:\/\/www.pebospa.com\/fr\/wp-json\/wp\/v2\/types\/page"}],"author":[{"embeddable":true,"href":"https:\/\/www.pebospa.com\/fr\/wp-json\/wp\/v2\/users\/3"}],"replies":[{"embeddable":true,"href":"https:\/\/www.pebospa.com\/fr\/wp-json\/wp\/v2\/comments?post=8238"}],"version-history":[{"count":6,"href":"https:\/\/www.pebospa.com\/fr\/wp-json\/wp\/v2\/pages\/8238\/revisions"}],"predecessor-version":[{"id":9079,"href":"https:\/\/www.pebospa.com\/fr\/wp-json\/wp\/v2\/pages\/8238\/revisions\/9079"}],"wp:attachment":[{"href":"https:\/\/www.pebospa.com\/fr\/wp-json\/wp\/v2\/media?parent=8238"}],"curies":[{"name":"wp","href":"https:\/\/api.w.org\/{rel}","templated":true}]}}